{"id":49042,"date":"2013-10-16T05:50:33","date_gmt":"2013-10-16T03:50:33","guid":{"rendered":"https:\/\/www.ohlaliving.com\/blog-de-estilo-de-vida-y-familia-en-valencia-espana"},"modified":"2024-04-21T08:39:46","modified_gmt":"2024-04-21T06:39:46","slug":"blog-de-estilo-de-vida-y-familia-en-valencia-espana","status":"publish","type":"page","link":"https:\/\/www.ohlaliving.com\/es\/blog-de-estilo-de-vida-y-familia-en-valencia-espana","title":{"rendered":"Blog De Estilo De Vida Y Familia En Valencia Espa\u00f1a"},"content":{"rendered":"\n<div class=\"wp-block-columns is-layout-flex wp-container-core-columns-is-layout-9d6595d7 wp-block-columns-is-layout-flex\">\n<div class=\"wp-block-column is-layout-flow wp-block-column-is-layout-flow\" style=\"flex-basis:10%\"><\/div>\n\n\n\n<div class=\"wp-block-column is-layout-flow wp-block-column-is-layout-flow\" style=\"flex-basis:80%\">\n<h1 id=\"hola-soy-maria-creativa-mama-y-tambien-escribo-un-blog-de-estilo-de-vida-y-familia-en-valencia-espana\" class=\"wp-block-heading has-text-align-center\">Hola, soy Mar\u00eda &#8211; creativa, mam\u00e1 y tambi\u00e9n escribo un blog de estilo de vida y familia en Valencia, Espa\u00f1a.<\/h1>\n\n\n\n<p><\/p>\n\n\n<div class=\"cnvs-block-author cnvs-block-author-1711633847103\" >\t\t<div class=\"widget-body\">\n\t\t\t<div class=\"pk-widget-author\">\n\t\t\t\t\n\t\t\t\t<div class=\"pk-widget-author-container\">\n\t\t\t\t\t\n\t\t\t\t\t\n\t\t\t\t\t<h5 id=\"maria\" class=\"pk-author-title\">\n\t\t\t\t\t\t<a href=\"https:\/\/www.ohlaliving.com\/es\/author\/maria\" rel=\"author\">\n\t\t\t\t\t\t\tMaria\t\t\t\t\t\t<\/a>\n\t\t\t\t\t<\/h5>\n\n\t\t\t\t\t\t\t\t\t\t\t<div class=\"pk-author-avatar\">\n\t\t\t\t\t\t\t<a href=\"https:\/\/www.ohlaliving.com\/es\/author\/maria\" rel=\"author\">\n\t\t\t\t\t\t\t\t<img decoding=\"async\" alt=\"\" src=\"https:\/\/secure.gravatar.com\/avatar\/a3e429b45552d90e891f9a4027446262d51c7fa1ff6bb66a8b3001ab36977a87?s=160&#038;d=mm&#038;r=g\" srcset=\"https:\/\/secure.gravatar.com\/avatar\/a3e429b45552d90e891f9a4027446262d51c7fa1ff6bb66a8b3001ab36977a87?s=320&#038;d=mm&#038;r=g 2x\" class=\"avatar avatar-160 photo\" height=\"160\" width=\"160\" title=\"\">\t\t\t\t\t\t\t<\/a>\n\t\t\t\t\t\t<\/div>\n\t\t\t\t\t\n\t\t\t\t\t<div class=\"pk-author-data\">\n\t\t\t\t\t\t\t\t\t\t\t\t\t<div class=\"author-description pk-color-secondary\">\n\t\t\t\t\t\t\t\t\u00a1\u00a1\u00a1Hola!!! \ud83c\udf1f Soy Mar\u00eda, la persona detr\u00e1s de Ohla Living, un blog de estilo de vida, comida y viajes en Valencia, Espa\u00f1a. Sum\u00e9rgete en mi mundo donde comparto ideas personales y recursos curados para ayudarte a sumergirte en el vibrante estilo de vida de esta hermosa ciudad. \t\t\t\t\t\t\t<\/div>\n\t\t\t\t\t\t\t\t\t<div class=\"pk-author-social-links pk-social-links-wrap pk-social-links-template-default\">\n\t\t\t<div class=\"pk-social-links-items\">\n\t\t\t\t\t\t\t\t\t\t<div class=\"pk-social-links-item pk-social-links-website\">\n\t\t\t\t\t\t\t<a href=\"https:\/\/www.ohlaliving.com\/\" class=\"pk-social-links-link\" target=\"_blank\" rel=\"nofollow\">\n\t\t\t\t\t\t\t\t<i class=\"pk-icon pk-icon-website\"><\/i>\n\t\t\t\t\t\t\t\t\t\t\t\t\t\t\t<\/a>\n\t\t\t\t\t\t<\/div>\n\t\t\t\t\t\t\t\t\t\t\t<div class=\"pk-social-links-item pk-social-links-facebook\">\n\t\t\t\t\t\t\t<a href=\"https:\/\/facebook.com\/ohlaliving\" class=\"pk-social-links-link\" target=\"_blank\" rel=\"nofollow noopener\">\n\t\t\t\t\t\t\t\t<i class=\"pk-icon pk-icon-facebook\"><\/i>\n\t\t\t\t\t\t\t\t\t\t\t\t\t\t\t<\/a>\n\t\t\t\t\t\t<\/div>\n\t\t\t\t\t\t\t\t\t\t\t<div class=\"pk-social-links-item pk-social-links-instagram\">\n\t\t\t\t\t\t\t<a href=\"https:\/\/www.instagram.com\/ohlaliving\" class=\"pk-social-links-link\" target=\"_blank\" rel=\"nofollow noopener\">\n\t\t\t\t\t\t\t\t<i class=\"pk-icon pk-icon-instagram\"><\/i>\n\t\t\t\t\t\t\t\t\t\t\t\t\t\t\t<\/a>\n\t\t\t\t\t\t<\/div>\n\t\t\t\t\t\t\t\t\t\t\t<div class=\"pk-social-links-item pk-social-links-pinterest\">\n\t\t\t\t\t\t\t<a href=\"https:\/\/www.pinterest.co.uk\/ohlalivinglifestyleblog\/\" class=\"pk-social-links-link\" target=\"_blank\" rel=\"nofollow noopener\">\n\t\t\t\t\t\t\t\t<i class=\"pk-icon pk-icon-pinterest\"><\/i>\n\t\t\t\t\t\t\t\t\t\t\t\t\t\t\t<\/a>\n\t\t\t\t\t\t<\/div>\n\t\t\t\t\t\t\t\t\t\t\t<div class=\"pk-social-links-item pk-social-links-youtube\">\n\t\t\t\t\t\t\t<a href=\"https:\/\/www.youtube.com\/channel\/UCqvyx6JOCsQ4QNeSLhseSTA\" class=\"pk-social-links-link\" target=\"_blank\" rel=\"nofollow noopener\">\n\t\t\t\t\t\t\t\t<i class=\"pk-icon pk-icon-youtube\"><\/i>\n\t\t\t\t\t\t\t\t\t\t\t\t\t\t\t<\/a>\n\t\t\t\t\t\t<\/div>\n\t\t\t\t\t\t\t\t\t\t\t<div class=\"pk-social-links-item pk-social-links-rss\">\n\t\t\t\t\t\t\t<a href=\"https:\/\/www.ohlaliving.com\/feed\" class=\"pk-social-links-link\" target=\"_blank\" rel=\"nofollow\">\n\t\t\t\t\t\t\t\t<i class=\"pk-icon pk-icon-rss\"><\/i>\n\t\t\t\t\t\t\t\t\t\t\t\t\t\t\t<\/a>\n\t\t\t\t\t\t<\/div>\n\t\t\t\t\t\t\t\t<\/div>\n\t\t<\/div>\n\t\t\n\t\t\t\t\t\t\t\t\t\t\t<\/div>\n\t\t\t\t<\/div>\n\t\t\t<\/div>\n\t\t<\/div>\n\t<\/div>\n\n\n<p>Originalmente un &#8216;blog de mam\u00e1s&#8217;, Ohla Living evolucion\u00f3 cuando mi familia se traslad\u00f3 a Valencia en 2012. Lo que comenz\u00f3 como una forma de documentar nuestras experiencias como inmigrantes en Espa\u00f1a -desde la navegaci\u00f3n por el sistema escolar hasta la aceptaci\u00f3n de la vida como familia brit\u00e1nica- se ha convertido en algo m\u00e1s. <\/p>\n\n\n\n<p>Ohla Living no se limita a compartir lo mejor (o lo peor) del estilo de vida espa\u00f1ol. Tambi\u00e9n es una ayuda para las familias que est\u00e1n pensando en trasladarse a Valencia. Con mis ideas y experiencias personales, intento ofrecer una valiosa orientaci\u00f3n a las personas y familias que piensan vivir en esta vibrante ciudad. <\/p>\n\n\n\n<p>En lo profesional, soy dise\u00f1ador gr\u00e1fico e ilustrador. Si tienes curiosidad por saber a qu\u00e9 me dedico, visita <a href=\"https:\/\/www.ohlacreative.com\/\" target=\"_blank\" rel=\"noopener\">Ohla Creative, donde creamos marcas elegantes para empresas dirigidas por mujeres<\/a>.<\/p>\n\n\n\n<p>Fuera del trabajo, me encontrar\u00e1s explorando los rincones de Valencia y m\u00e1s all\u00e1. Tambi\u00e9n me encanta compartir historias sobre diversos aspectos de nuestras vidas, desde el hogar y la paternidad hasta el biling\u00fcismo, el trabajo, la comida, la creatividad, el bricolaje, la tecnolog\u00eda y todo lo dem\u00e1s. \u00a1No dudes en unirte a la conversaci\u00f3n! \ud83c\udf08<\/p>\n\n\n\n<div class=\"wp-block-buttons has-custom-font-size has-small-font-size is-content-justification-center is-layout-flex wp-container-core-buttons-is-layout-16018d1d wp-block-buttons-is-layout-flex\">\n<div class=\"wp-block-button\"><a class=\"wp-block-button__link wp-element-button\" href=\"https:\/\/www.ohlaliving.com\/es\/trabaja-conmigo#work-together\">colaboremos<\/a><\/div>\n<\/div>\n\n\n\n<div style=\"height:50px\" aria-hidden=\"true\" class=\"wp-block-spacer\"><\/div>\n\n\n\n<h2 id=\"lea-mis-mejores-articulos\" class=\"wp-block-heading has-text-align-center\">Lea mis mejores art\u00edculos<\/h2>\n\n\n\n<h5 id=\"vida-familiar-en-el-extranjero\" class=\"cnvs-block-section-heading cnvs-block-section-heading-1711634406850 is-style-cnvs-block-section-heading-11 haligncenter\" >\n\t<span class=\"cnvs-section-title\">\n\t\t<span>vida familiar en el extranjero<\/span>\n\t<\/span>\n<\/h5>\n\n\n\n<ul class=\"wp-block-list\">\n<li><a href=\"https:\/\/www.ohlaliving.com\/house-hunting-in-valencia-things-to-look-out-for\" data-type=\"link\" data-id=\"https:\/\/www.ohlaliving.com\/house-hunting-in-valencia-things-to-look-out-for\">Buscar casa en Valencia, 11 cosas en las que fijarse y otras que evitar<\/a> <\/li>\n\n\n\n<li><a href=\"https:\/\/www.ohlaliving.com\/house-hunting-in-valencia-things-to-look-out-for\" data-type=\"link\" data-id=\"https:\/\/www.ohlaliving.com\/house-hunting-in-valencia-things-to-look-out-for\">Escuelas concertadas en Valencia, \u00bfcu\u00e1nto cuesta?<\/a> <span class=\"cnvs-badge is-cnvs-badge-color-success\">popular<\/span><\/li>\n\n\n\n<li><a href=\"https:\/\/www.ohlaliving.com\/how-we-obtained-a-mortgage-in-spain-as-self-employed-expats\" data-type=\"link\" data-id=\"https:\/\/www.ohlaliving.com\/how-we-obtained-a-mortgage-in-spain-as-self-employed-expats\">C\u00f3mo conseguimos una hipoteca como aut\u00f3nomos expatriados en Valencia<\/a> <\/li>\n\n\n\n<li><a href=\"https:\/\/www.ohlaliving.com\/what-is-it-like-to-live-in-an-urbanisation-in-valencia\" data-type=\"link\" data-id=\"https:\/\/www.ohlaliving.com\/what-is-it-like-to-live-in-an-urbanisation-in-valencia\">C\u00f3mo es vivir en una urbanizaci\u00f3n en Valencia<\/a><\/li>\n\n\n\n<li><a href=\"https:\/\/www.ohlaliving.com\/why-i-love-being-an-immigrant-in-valencia\" data-type=\"link\" data-id=\"https:\/\/www.ohlaliving.com\/why-i-love-being-an-immigrant-in-valencia\">Inmigrante en Valencia: 8 razones por las que me encanta ser inmigrante en Valencia<\/a><\/li>\n\n\n\n<li><a href=\"https:\/\/www.ohlaliving.com\/10-of-the-best-areas-to-live-outside-valencia-city\" data-type=\"link\" data-id=\"https:\/\/www.ohlaliving.com\/10-of-the-best-areas-to-live-outside-valencia-city\">10 de las mejores zonas para vivir fuera de Valencia ciudad<\/a> <\/li>\n<\/ul>\n\n\n\n<h5 id=\"valencia-espana\" class=\"cnvs-block-section-heading cnvs-block-section-heading-1711634674477 is-style-cnvs-block-section-heading-11 haligncenter\" >\n\t<span class=\"cnvs-section-title\">\n\t\t<span>valencia, espa\u00f1a<\/span>\n\t<\/span>\n<\/h5>\n\n\n\n<ul class=\"wp-block-list\">\n<li><a href=\"https:\/\/www.ohlaliving.com\/valencia-tourist-card\" data-type=\"link\" data-id=\"https:\/\/www.ohlaliving.com\/valencia-tourist-card\">Gu\u00eda definitiva de la tarjeta tur\u00edstica de Valencia: c\u00f3mo y d\u00f3nde utilizarla<\/a><\/li>\n\n\n\n<li><a href=\"https:\/\/www.ohlaliving.com\/essential-guide-to-public-transport-in-valencia\" data-type=\"link\" data-id=\"https:\/\/www.ohlaliving.com\/essential-guide-to-public-transport-in-valencia\">Moverse por Valencia: Una extensa gu\u00eda del transporte p\u00fablico<\/a> <span class=\"cnvs-badge is-cnvs-badge-color-success\">popular<\/span> en Valencia<\/li>\n\n\n\n<li><a href=\"https:\/\/www.ohlaliving.com\/valencia-central-market-a-foodies-heaven\" data-type=\"link\" data-id=\"https:\/\/www.ohlaliving.com\/valencia-central-market-a-foodies-heaven\">Valencia Central Market Visitors Guide 2024: A Foodie\u2019s Ultimate Paradise!<\/a><\/li>\n\n\n\n<li><a href=\"https:\/\/www.ohlaliving.com\/the-best-restaurants-to-try-an-authentic-paella-in-valencia\" data-type=\"link\" data-id=\"https:\/\/www.ohlaliving.com\/the-best-restaurants-to-try-an-authentic-paella-in-valencia\">Los mejores restaurantes para probar una aut\u00e9ntica paella en Valencia<\/a><\/li>\n\n\n\n<li><a href=\"https:\/\/www.ohlaliving.com\/free-monuments-and-museums-to-visit-in-valencia\" data-type=\"link\" data-id=\"https:\/\/www.ohlaliving.com\/free-monuments-and-museums-to-visit-in-valencia\">Monumentos y museos gratuitos que visitar en Valencia<\/a><\/li>\n\n\n\n<li><a href=\"https:\/\/www.ohlaliving.com\/parks-and-nature-attractions-in-valencia\" data-type=\"link\" data-id=\"https:\/\/www.ohlaliving.com\/parks-and-nature-attractions-in-valencia\">Parques y atracciones naturales en Valencia &#8211; Jardines del Real<\/a><\/li>\n<\/ul>\n\n\n\n<p><\/p>\n\n\n\n<h5 id=\"estilo-de-vida\" class=\"cnvs-block-section-heading cnvs-block-section-heading-1711636745138 is-style-cnvs-block-section-heading-11 haligncenter\" >\n\t<span class=\"cnvs-section-title\">\n\t\t<span>estilo de vida<\/span>\n\t<\/span>\n<\/h5>\n\n\n\n<ul class=\"wp-block-list\">\n<li><a href=\"https:\/\/www.ohlaliving.com\/es\/30-mejores-tiendas-de-muebles-en-espana\" data-type=\"link\" data-id=\"https:\/\/www.ohlaliving.com\/furniture-stores-in-spain\">30 de las mejores tiendas de accesorios y muebles para el hogar de Espa\u00f1a que no son Ikea!<\/a> <span class=\"cnvs-badge is-cnvs-badge-color-success\">popular<\/span><\/li>\n\n\n\n<li><a href=\"https:\/\/www.ohlaliving.com\/diy-herb-box-garden\" data-type=\"link\" data-id=\"https:\/\/www.ohlaliving.com\/diy-herb-box-garden\">C\u00f3mo hacer un jard\u00edn de hierbas DIY Box &#8211; Una gu\u00eda paso a paso<\/a><\/li>\n\n\n\n<li><a href=\"https:\/\/www.ohlaliving.com\/online-pet-shops-in-spain\" data-type=\"link\" data-id=\"https:\/\/www.ohlaliving.com\/online-pet-shops-in-spain\">Descubre las Mejores Tiendas Online de Mascotas en Espa\u00f1a: Las 15 mejores<\/a><\/li>\n\n\n\n<li><a href=\"https:\/\/www.ohlaliving.com\/living-in-a-spanish-home\" data-type=\"link\" data-id=\"https:\/\/www.ohlaliving.com\/living-in-a-spanish-home\">10 cosas buenas y malas que he aprendido de vivir en una casa espa\u00f1ola<\/a><\/li>\n\n\n\n<li><a href=\"https:\/\/www.ohlaliving.com\/online-plant-shops-in-spain\" data-type=\"link\" data-id=\"https:\/\/www.ohlaliving.com\/online-plant-shops-in-spain\">Tiendas de plantas online en Espa\u00f1a para satisfacer sus dedos verdes<\/a><\/li>\n\n\n\n<li><a href=\"https:\/\/www.ohlaliving.com\/es\/guia-definitiva-de-las-13-mejores-tiendas-de-belleza-de-espana-mis-favoritas\" data-type=\"link\" data-id=\"https:\/\/www.ohlaliving.com\/where-to-buy-beauty-products-in-spain\">Gu\u00eda definitiva de las 13 mejores tiendas de belleza de Espa\u00f1a: Mis favoritas<\/a><\/li>\n<\/ul>\n\n\n\n<h5 id=\"hogar-y-jardin\" class=\"cnvs-block-section-heading cnvs-block-section-heading-1711637636344 is-style-cnvs-block-section-heading-11 haligncenter\" >\n\t<span class=\"cnvs-section-title\">\n\t\t<span>hogar y jard\u00edn<\/span>\n\t<\/span>\n<\/h5>\n\n\n\n<ul class=\"wp-block-list\">\n<li><a href=\"https:\/\/www.ohlaliving.com\/es\/como-hacer-un-terrario-en-un-tarro-guia-paso-a-paso\" data-type=\"link\" data-id=\"https:\/\/www.ohlaliving.com\/how-to-make-a-terrarium-in-a-jar\">C\u00f3mo hacer un terrario en un tarro &#8211; Gu\u00eda paso a paso<\/a><\/li>\n\n\n\n<li><a href=\"https:\/\/www.ohlaliving.com\/diy-succulent-zen-garden\" data-type=\"link\" data-id=\"https:\/\/www.ohlaliving.com\/diy-succulent-zen-garden\">Eleva tu espacio con un maravilloso jard\u00edn zen de suculentas: Proyecto DIY de fin de semana<\/a><\/li>\n\n\n\n<li><a href=\"https:\/\/www.ohlaliving.com\/how-to-preserve-fresh-eucalyptus-stems\" data-type=\"link\" data-id=\"https:\/\/www.ohlaliving.com\/how-to-preserve-fresh-eucalyptus-stems\">Gu\u00eda definitiva: C\u00f3mo conservar tallos frescos de eucalipto con glicerina<\/a> <span class=\"cnvs-badge is-cnvs-badge-color-success\">popular<\/span><\/li>\n\n\n\n<li><a href=\"https:\/\/www.ohlaliving.com\/diy-how-to-create-andalusian-inspired-wall-pots\" data-type=\"link\" data-id=\"https:\/\/www.ohlaliving.com\/diy-how-to-create-andalusian-inspired-wall-pots\">Crea tus propios maceteros de pared andaluces | DIY<\/a><\/li>\n\n\n\n<li><a href=\"https:\/\/www.ohlaliving.com\/from-drab-to-fab-upcycle-a-wooden-bistro-set-using-chalk-paint\" data-type=\"link\" data-id=\"https:\/\/www.ohlaliving.com\/from-drab-to-fab-upcycle-a-wooden-bistro-set-using-chalk-paint\">De aburrido a fabuloso: renueva un juego de bar de madera con Chalk Paint<\/a><\/li>\n\n\n\n<li><a href=\"https:\/\/www.ohlaliving.com\/old-door-make-over-with-frenchic-furniture-paint\" data-type=\"link\" data-id=\"https:\/\/www.ohlaliving.com\/old-door-make-over-with-frenchic-furniture-paint\">Puerta vieja pintada con pintura francesa para muebles<\/a><\/li>\n<\/ul>\n\n\n\n<h5 id=\"recetas\" class=\"cnvs-block-section-heading cnvs-block-section-heading-1711637879941 is-style-cnvs-block-section-heading-11 haligncenter\" >\n\t<span class=\"cnvs-section-title\">\n\t\t<span>Recetas<\/span>\n\t<\/span>\n<\/h5>\n\n\n\n<ul class=\"wp-block-list\">\n<li><a href=\"https:\/\/www.ohlaliving.com\/retro-sprinkle-tray-bake\" data-type=\"link\" data-id=\"https:\/\/www.ohlaliving.com\/retro-sprinkle-tray-bake\">The Best Old School Retro Sprinkle Tray Bake | Receta original<\/a> <span class=\"cnvs-badge is-cnvs-badge-color-success\">popular<\/span><\/li>\n\n\n\n<li><a href=\"https:\/\/www.ohlaliving.com\/traditional-school-jam-and-coconut-tray-bake\" data-type=\"link\" data-id=\"https:\/\/www.ohlaliving.com\/traditional-school-jam-and-coconut-tray-bake\">Deliciosa Tarrina Tradicional de Mermelada Escolar y Coco | Baking With Nostalgia<\/a><\/li>\n\n\n\n<li><a href=\"https:\/\/www.ohlaliving.com\/chocolate-sprinkle-tray-bake\" data-type=\"link\" data-id=\"https:\/\/www.ohlaliving.com\/chocolate-sprinkle-tray-bake\">Bandeja para hornear espolvoreada de chocolate | Receta original<\/a><\/li>\n\n\n\n<li><a href=\"https:\/\/www.ohlaliving.com\/filipino-chicken-adobo-recipe\" data-type=\"link\" data-id=\"https:\/\/www.ohlaliving.com\/filipino-chicken-adobo-recipe\">La Receta Filipina Definitiva de Adobo de Pollo &#8211; Como lo hac\u00eda la Abuela<\/a><\/li>\n\n\n\n<li><a href=\"https:\/\/www.ohlaliving.com\/easy-chinese-egg-fried-rice-recipe\" data-type=\"link\" data-id=\"https:\/\/www.ohlaliving.com\/easy-chinese-egg-fried-rice-recipe\">Receta de Arroz Frito con Huevo: Delicioso y F\u00e1cil de Hacer<\/a><\/li>\n\n\n\n<li><a href=\"https:\/\/www.ohlaliving.com\/simple-filipino-lumpia-recipe\" data-type=\"link\" data-id=\"https:\/\/www.ohlaliving.com\/simple-filipino-lumpia-recipe\">Receta sencilla de lumpia filipina: Lumpia filipina casera f\u00e1cil<\/a><\/li>\n<\/ul>\n\n\n\n<div style=\"height:50px\" aria-hidden=\"true\" class=\"wp-block-spacer cnvs-block-core-spacer-1711638172427\"><\/div>\n\n\n\n<h2 id=\"le-gustaria-trabajar-con-nosotros\" class=\"wp-block-heading has-text-align-center\">\u00bfLe gustar\u00eda trabajar con nosotros?<\/h2>\n\n\n\n<p>Estoy a favor de defender las empresas locales y peque\u00f1as. Si quieres colaborar, <strong><a href=\"https:\/\/www.ohlaliving.com\/es\/contacto\">ponte en contacto conmigo<\/a><\/strong> y cu\u00e9ntame lo que tienes en mente. Tambi\u00e9n puede descargar <strong><a href=\"https:\/\/www.ohlaliving.com\/mediakit-2024.pdf\" target=\"_blank\" rel=\"noopener\">Mi dossier de prensa<\/a><\/strong> para obtener m\u00e1s informaci\u00f3n.<\/p>\n<\/div>\n\n\n\n<div class=\"wp-block-column is-layout-flow wp-block-column-is-layout-flow\" style=\"flex-basis:10%\"><\/div>\n<\/div>\n\n\n\n<p><\/p>\n","protected":false},"excerpt":{"rendered":"<p>Hola, soy Mar\u00eda &#8211; creativa, mam\u00e1 y tambi\u00e9n escribo un blog de estilo de vida y familia en Valencia, Espa\u00f1a. Originalmente un &#8216;blog de mam\u00e1s&#8217;, Ohla Living evolucion\u00f3 cuando mi&hellip;<\/p>\n","protected":false},"author":1,"featured_media":0,"parent":0,"menu_order":0,"comment_status":"closed","ping_status":"closed","template":"","meta":{"disable-jtr":false,"footnotes":""},"class_list":["post-49042","page","type-page","status-publish"],"_links":{"self":[{"href":"https:\/\/www.ohlaliving.com\/es\/wp-json\/wp\/v2\/pages\/49042","targetHints":{"allow":["GET"]}}],"collection":[{"href":"https:\/\/www.ohlaliving.com\/es\/wp-json\/wp\/v2\/pages"}],"about":[{"href":"https:\/\/www.ohlaliving.com\/es\/wp-json\/wp\/v2\/types\/page"}],"author":[{"embeddable":true,"href":"https:\/\/www.ohlaliving.com\/es\/wp-json\/wp\/v2\/users\/1"}],"replies":[{"embeddable":true,"href":"https:\/\/www.ohlaliving.com\/es\/wp-json\/wp\/v2\/comments?post=49042"}],"version-history":[{"count":2,"href":"https:\/\/www.ohlaliving.com\/es\/wp-json\/wp\/v2\/pages\/49042\/revisions"}],"predecessor-version":[{"id":49065,"href":"https:\/\/www.ohlaliving.com\/es\/wp-json\/wp\/v2\/pages\/49042\/revisions\/49065"}],"wp:attachment":[{"href":"https:\/\/www.ohlaliving.com\/es\/wp-json\/wp\/v2\/media?parent=49042"}],"curies":[{"name":"wp","href":"https:\/\/api.w.org\/{rel}","templated":true}]}}