{"id":49039,"date":"2017-05-18T10:57:14","date_gmt":"2017-05-18T08:57:14","guid":{"rendered":"https:\/\/www.ohlaliving.com\/politica-de-privacidad"},"modified":"2017-05-18T10:57:14","modified_gmt":"2017-05-18T08:57:14","slug":"politica-de-privacidad","status":"publish","type":"page","link":"https:\/\/www.ohlaliving.com\/es\/politica-de-privacidad","title":{"rendered":"Pol\u00edtica de privacidad"},"content":{"rendered":"<p>Esta pol\u00edtica de privacidad se aplica a este sitio web <a href=\"https:\/\/www.ohlaliving.com\">https:\/\/www.ohlaliving.com<\/a>&nbsp;y servido por Ohla Living Lifestyle, Travel &amp; Personal Blog, que rige la privacidad de los usuarios que deciden utilizarlo.<\/p>\n<p>La pol\u00edtica establece las diferentes \u00e1reas que afectan a la privacidad de los usuarios y describe las obligaciones y requisitos de los usuarios, el sitio web y los propietarios del sitio web. Adem\u00e1s, la forma en que este sitio web procesa, almacena y protege los datos y la informaci\u00f3n de los usuarios tambi\u00e9n se detallar\u00e1 en esta pol\u00edtica.<\/p>\n<h2 id=\"el-sitio-web\" style=\"text-align: center;\">El sitio web<\/h2>\n<p>Yo, Mar\u00eda, adopto un enfoque proactivo respecto a la privacidad del usuario y me aseguro de que se tomen las medidas necesarias para proteger la privacidad de sus usuarios a lo largo de su experiencia de visita. Este sitio web cumple todas las leyes y requisitos europeos en materia de privacidad de los usuarios.<\/p>\n<p>Adem\u00e1s, mis pensamientos y opiniones cambian de vez en cuando&#8230; Lo considero una consecuencia necesaria de tener una mente abierta. Este blog pretende ser una instant\u00e1nea semipermanente en el tiempo y la manifestaci\u00f3n de los diversos memes que circulan por mi cerebro, y como tal, los pensamientos y opiniones expresados en posts desfasados pueden no ser los mismos, ni siquiera similares, a los que pueda tener hoy.<\/p>\n<h2 id=\"uso-de-cookies\" style=\"text-align: center;\">Uso de cookies<\/h2>\n<p>Este sitio web utiliza cookies para mejorar la experiencia de los usuarios durante su visita. En su caso, este sitio web utiliza un sistema de control de cookies que permite al usuario, en su primera visita al sitio web, permitir o no el uso de cookies en su ordenador\/dispositivo. De este modo se cumple la reciente legislaci\u00f3n que obliga a los sitios web a obtener el consentimiento expl\u00edcito de los usuarios antes de dejar o leer archivos como cookies en su ordenador o dispositivo.<\/p>\n<p>Las cookies son peque\u00f1os archivos que se guardan en el disco duro del ordenador del usuario y que rastrean, guardan y almacenan informaci\u00f3n sobre las interacciones del usuario y el uso del sitio web. Esto permite al sitio web, a trav\u00e9s de su servidor, proporcionar a los usuarios una experiencia personalizada dentro de este sitio web.<\/p>\n<p>Se aconseja a los usuarios que, si desean impedir el uso y almacenamiento de cookies de este sitio web en el disco duro de su ordenador, adopten las medidas necesarias en la configuraci\u00f3n de seguridad de su navegador web para bloquear todas las cookies de este sitio web y de sus proveedores externos.<\/p>\n<p>Este sitio web utiliza software de seguimiento para supervisar a sus visitantes y comprender mejor c\u00f3mo lo utilizan. Este software es proporcionado por Google Analytics, que utiliza cookies para rastrear el uso de los visitantes. El software guardar\u00e1 una cookie en el disco duro de su ordenador para rastrear y controlar su participaci\u00f3n y uso del sitio web, pero no almacenar\u00e1, guardar\u00e1 ni recopilar\u00e1 informaci\u00f3n personal. Puede consultar la pol\u00edtica de privacidad de Google aqu\u00ed para obtener m\u00e1s informaci\u00f3n <a href=\"http:\/\/www.google.com\/privacy.html\" target=\"_blank\" rel=\"nofollow noopener noreferrer\">http:\/\/www.google.com\/privacy.html<\/a>.<\/p>\n<p>Otras cookies pueden ser almacenadas en el disco duro de su ordenador por proveedores externos cuando este sitio web utiliza programas de referencia, enlaces patrocinados o anuncios. Estas cookies se utilizan para el seguimiento de conversiones y referencias y suelen caducar a los 30 d\u00edas, aunque algunas pueden tardar m\u00e1s. No se almacena, guarda ni recopila ninguna informaci\u00f3n personal.<\/p>\n<h2 id=\"anuncios-y-enlaces-patrocinados\" style=\"text-align: center;\">Anuncios y enlaces patrocinados<\/h2>\n<p>Este sitio web puede contener enlaces patrocinados y anuncios. Por lo general, estos anuncios se ofrecen a trav\u00e9s de nuestros socios publicitarios, que pueden tener pol\u00edticas de privacidad detalladas relacionadas directamente con los anuncios que ofrecen.<\/p>\n<p>Al hacer clic en cualquiera de estos anuncios, se le enviar\u00e1 al sitio web del anunciante a trav\u00e9s de un programa de remisi\u00f3n que puede utilizar cookies y rastrear\u00e1 el n\u00famero de remisiones enviadas desde este sitio web. Esto puede incluir el uso de cookies que, a su vez, pueden guardarse en el disco duro de su ordenador. Por lo tanto, los usuarios deben tener en cuenta que hacen clic en los enlaces externos patrocinados por su cuenta y riesgo, y que este sitio web y sus propietarios no se hacen responsables de los da\u00f1os o implicaciones causados por la visita a cualquiera de los enlaces externos mencionados.<\/p>\n<p>Algunos enlaces en Ohla Living son enlaces afiliados. Lo que significa que podr\u00eda ganar una comisi\u00f3n de las compras que usted podr\u00eda hacer despu\u00e9s de hacer clic en ellos sin costo alguno para usted. Los productos y servicios que presento est\u00e1n relacionados con mi estilo de vida o con algo que yo mismo podr\u00eda comprar.<\/p>\n[tds_info]Las rese\u00f1as de los productos que comparto son opiniones 100% personales, tanto si soy afiliado de esa empresa como si no. Escribo en beneficio de mis lectores.[\/tds_info]\n<p>Es importante para m\u00ed revelar a mis valiosos lectores cada vez que una entrada del blog contiene un enlace de afiliado. Informamos a nuestros lectores incluyendo una cl\u00e1usula de exenci\u00f3n de responsabilidad para afiliados.<\/p>\n<h2 id=\"como-protege-su-informacion\" style=\"text-align: center;\">C\u00f3mo &nbsp; protege su informaci\u00f3n<\/h2>\n<p>Sus datos personales est\u00e1n protegidos por redes seguras y s\u00f3lo yo puedo acceder a ellos, ya que tengo la obligaci\u00f3n de mantenerlos confidenciales. Adem\u00e1s, toda la informaci\u00f3n confidencial que nos facilite se encripta mediante la tecnolog\u00eda <strong>Secure Socket Layer (SSL)<\/strong>.<\/p>\n<h2 id=\"contacto-y-comunicacion\" style=\"text-align: center;\">Contacto y comunicaci\u00f3n<\/h2>\n<p>Los usuarios que se pongan en contacto conmigo (Mar\u00eda) a trav\u00e9s de este sitio web lo har\u00e1n a su entera discreci\u00f3n y facilitar\u00e1n los datos personales que se les soliciten por su cuenta y riesgo. Sus datos personales se mantienen en secreto y se guardan de forma segura hasta el momento en que dejan de ser necesarios o no tienen utilidad, tal y como se detalla en la Ley de Protecci\u00f3n de Datos de 1998. Se ha hecho todo lo posible para garantizar un proceso seguro de env\u00edo de formularios por correo electr\u00f3nico, pero se advierte a los usuarios que utilicen estos procesos que lo hacen por su cuenta y riesgo.<\/p>\n<p>Este sitio web utiliza cualquier informaci\u00f3n enviada para proporcionarle m\u00e1s informaci\u00f3n sobre los productos\/servicios que ofrecen o para ayudarle a responder a cualquier pregunta o consulta que pueda haber enviado.<\/p>\n<p>Me &nbsp;<strong>NO comparto informaci\u00f3n personal<\/strong>, como los correos electr\u00f3nicos de los suscriptores, con terceros ni almaceno la informaci\u00f3n recopilada sobre su visita para otro uso que no sea analizar el rendimiento de los contenidos mediante el uso de cookies, que puede desactivar en cualquier momento modificando la configuraci\u00f3n de su navegador de Internet. No me hago responsable de la republicaci\u00f3n del contenido de este blog en otros sitios web o medios de comunicaci\u00f3n sin autorizaci\u00f3n.<\/p>\n<h2 id=\"comentarios-del-blog\" style=\"text-align: center;\">Comentarios del blog<\/h2>\n<p>Me reservo el derecho de editar o eliminar cualquier comentario enviado a este blog sin previo aviso debido a;<\/p>\n<p>1. Comentarios considerados spam o spam cuestionable<br \/>\n2. Comentarios que incluyan blasfemias<br \/>\n3. Comentarios que contengan lenguaje o conceptos que puedan considerarse ofensivos<br \/>\n4. Comentarios que atacan a una persona individualmente<\/p>\n<h2 id=\"email-newsletter\" style=\"text-align: center;\">Email Newsletter<\/h2>\n<p>Este sitio web gestiona un programa de boletines por correo electr\u00f3nico, utilizado para informar a los suscriptores sobre nuevas publicaciones o informaci\u00f3n suministrada por este sitio web. Los usuarios pueden suscribirse a trav\u00e9s de un proceso automatizado en l\u00ednea si as\u00ed lo desean, pero lo hacen a su propia discreci\u00f3n. Algunas suscripciones pueden procesarse manualmente previo acuerdo por escrito con el usuario.<\/p>\n<p>Las campa\u00f1as de marketing por correo electr\u00f3nico publicadas por este sitio web o sus propietarios pueden contener funciones de seguimiento en el propio correo electr\u00f3nico. La actividad de los abonados se registra y almacena en una base de datos para su an\u00e1lisis y evaluaci\u00f3n en el futuro. Dicha actividad de seguimiento puede incluir: la apertura de correos electr\u00f3nicos, el reenv\u00edo de correos electr\u00f3nicos, el clic en enlaces dentro del contenido del correo electr\u00f3nico, las horas, las fechas y la frecuencia de la actividad, lo cual no es, ni mucho menos, una lista exhaustiva.<\/p>\n<p>Ohla Living cumple con GDPR y nuestro proveedor de correo electr\u00f3nico <strong>Mailerlite<\/strong>.<\/p>\n<ul>\n<li>Puede darse de baja de nuestros correos electr\u00f3nicos en cualquier momento, basta con que nos pida que borremos todos los datos asociados y los eliminaremos.<\/li>\n<li>En virtud del GDPR, cada uno de nuestros abonados en la UE tiene derecho a la supresi\u00f3n (o el derecho a ser olvidado), lo que significa que pueden ponerse en contacto con nosotros y nosotros, y nuestro proveedor de servicios de correo eliminaremos todos sus datos personales de todos los sistemas.<\/li>\n<li>Todos los formularios opt-in utilizan doble confirmaci\u00f3n y casillas de verificaci\u00f3n de confirmaci\u00f3n.<\/li>\n<li>Tambi\u00e9n encontrar\u00e1 el enlace \u00abdarse de baja\u00bb al final de mis correos electr\u00f3nicos.<\/li>\n<\/ul>\n<p>Si tiene alguna pregunta al respecto, no dude en enviarnos un mensaje a maria(at)ohlaliving(dot)com<\/p>\n<p>Al utilizar el contenido de este sitio web, usted tambi\u00e9n acepta la pol\u00edtica y la divulgaci\u00f3n anteriores.<\/p>\n<h2 id=\"enlaces-externos\" style=\"text-align: center;\">Enlaces externos<\/h2>\n<p>Aunque este sitio web s\u00f3lo pretende incluir enlaces externos de calidad, seguros y relevantes, se aconseja a los usuarios que adopten una pol\u00edtica de precauci\u00f3n antes de hacer clic en cualquier enlace web externo mencionado a lo largo de este sitio web. (Los enlaces externos son enlaces de texto\/banner\/imagen en los que se puede hacer clic y que remiten a otros sitios web.<\/p>\n<p>&nbsp;No puede garantizar ni verificar el contenido de ning\u00fan sitio web enlazado externamente a pesar de sus mejores esfuer Por lo tanto, los usuarios deben tener en cuenta que hacen clic en los enlaces externos por su cuenta y riesgo, y que este sitio web y su propietario no se hacen responsables de los da\u00f1os o implicaciones causados por la visita a cualquiera de los enlaces externos mencionados.<\/p>\n<h2 id=\"plataformas-de-medios-sociales\" style=\"text-align: center;\">Plataformas de medios sociales<\/h2>\n<p>La comunicaci\u00f3n, participaci\u00f3n y acciones llevadas a cabo a trav\u00e9s de plataformas de medios sociales externas en las que participan este sitio web y sus propietarios est\u00e1n sujetas a los t\u00e9rminos y condiciones, as\u00ed como a las pol\u00edticas de privacidad de cada plataforma de medios sociales respectivamente.<\/p>\n<p>Se aconseja a los usuarios que utilicen las plataformas de las redes sociales con prudencia y que se comuniquen\/interact\u00faen en ellas con el debido cuidado y precauci\u00f3n en lo que respecta a su propia privacidad y datos personales. Este sitio web ni sus propietarios solicitar\u00e1n nunca informaci\u00f3n personal o sensible a trav\u00e9s de las plataformas de medios sociales y animan a los usuarios que deseen discutir detalles sensibles a ponerse en contacto con ellos a trav\u00e9s de canales de comunicaci\u00f3n primarios como el tel\u00e9fono o el correo electr\u00f3nico.<\/p>\n<p>Este sitio web puede utilizar botones para compartir en redes sociales que ayudan a compartir contenidos web directamente desde las p\u00e1ginas web a la plataforma de la red social en cuesti\u00f3n. Se aconseja a los usuarios que, antes de utilizar dichos botones para compartir en redes sociales, lo hagan a su propia discreci\u00f3n y tengan en cuenta que la plataforma de la red social puede rastrear y guardar su solicitud de compartir una p\u00e1gina web, respectivamente, a trav\u00e9s de su cuenta de la plataforma de la red social.<\/p>\n<h2 id=\"enlaces-acortados-en-las-redes-sociales\" style=\"text-align: center;\">Enlaces acortados en las redes sociales<\/h2>\n<p>Este sitio web y sus propietarios, a trav\u00e9s de sus cuentas en plataformas de medios sociales, pueden compartir enlaces web a p\u00e1ginas web relevantes. Por defecto, algunas plataformas de redes sociales acortan las URL largas [web addresses] (este es un ejemplo: bit.ly\/32YJDKl).<\/p>\n<p>Se recomienda a los usuarios que act\u00faen con precauci\u00f3n y buen juicio antes de hacer clic en cualquier URL acortada publicada en plataformas de medios sociales por este sitio web y sus propietarios. A pesar de los esfuerzos realizados para garantizar que s\u00f3lo se publican URL aut\u00e9nticas, muchas plataformas de redes sociales son propensas al spam y a la pirater\u00eda inform\u00e1tica, por lo que este sitio web y sus propietarios no se hacen responsables de los da\u00f1os o consecuencias causados por la visita a enlaces acortados.<\/p>\n<h3 id=\"publicidad-programatica-mediavine-ver-1-1\">Publicidad program\u00e1tica Mediavine (Ver 1.1)<\/h3>\n<p>El Sitio Web trabaja con Mediavine para gestionar la publicidad de terceros basada en intereses que aparece en el Sitio Web. El Sitio Web trabaja con Mediavine para gestionar la publicidad de terceros basada en intereses que aparece en el Sitio Web. Una cookie es un peque\u00f1o archivo de texto que el servidor web env\u00eda a su ordenador o dispositivo m\u00f3vil (denominado en esta pol\u00edtica \u00abdispositivo\u00bb) para que un sitio web pueda recordar cierta informaci\u00f3n sobre su actividad de navegaci\u00f3n en el sitio web.<\/p>\n<p>Las cookies de origen son creadas por el sitio web que est\u00e1 visitando. Las cookies de terceros se utilizan con frecuencia en la publicidad basada en el comportamiento y el an\u00e1lisis, y son creadas por un dominio distinto del sitio web que est\u00e1 visitando. En el sitio web pueden colocarse cookies, etiquetas, p\u00edxeles, balizas y otras tecnolog\u00edas similares (denominadas colectivamente \u00abetiquetas\u00bb) de terceros para supervisar la interacci\u00f3n con el contenido publicitario y orientar y optimizar la publicidad. Todos los navegadores de Internet disponen de funciones que le permiten bloquear tanto las cookies propias como las de terceros y borrar la memoria cach\u00e9 del navegador. La funci\u00f3n \u00abayuda\u00bb de la barra de men\u00fas de la mayor\u00eda de los navegadores le indicar\u00e1 c\u00f3mo dejar de aceptar nuevas cookies, c\u00f3mo recibir notificaciones de nuevas cookies, c\u00f3mo desactivar las cookies existentes y c\u00f3mo borrar la memoria cach\u00e9 de su navegador. Para m\u00e1s informaci\u00f3n sobre las cookies y c\u00f3mo desactivarlas, puede consultar la informaci\u00f3n en <a href=\"https:\/\/www.allaboutcookies.org\/manage-cookies\/\" target=\"_blank\" rel=\"noreferrer noopener nofollow\">All About Cookies<\/a>.<\/p>\n<p>Sin cookies, es posible que no pueda aprovechar plenamente el contenido y las funciones del sitio web. Tenga en cuenta que rechazar las cookies no significa que dejar\u00e1 de ver anuncios cuando visite nuestro Sitio. En caso de que decida no participar, seguir\u00e1 viendo anuncios no personalizados en el sitio web.<\/p>\n<p>El Sitio Web recopila los siguientes datos mediante una cookie al servir anuncios personalizados:<\/p>\n<ul>\n<li>Direcci\u00f3n IP<\/li>\n<li>Tipo de sistema operativo<\/li>\n<li>Versi\u00f3n del sistema operativo<\/li>\n<li>Tipo de dispositivo<\/li>\n<li>Lengua del sitio web<\/li>\n<li>Tipo de navegador<\/li>\n<li>Correo electr\u00f3nico (en formato hash)<\/li>\n<\/ul>\n<p>Los socios de Mediavine (empresas enumeradas a continuaci\u00f3n con las que Mediavine comparte datos) tambi\u00e9n pueden utilizar estos datos para vincularlos a otra informaci\u00f3n del usuario final que el socio haya recopilado de forma independiente para ofrecer anuncios dirigidos. Los socios de Mediavine tambi\u00e9n pueden recopilar por separado datos sobre los usuarios finales de otras fuentes, como identificadores o p\u00edxeles publicitarios, y vincular esos datos a los datos recopilados de los editores de Mediavine con el fin de proporcionar publicidad basada en intereses a trav\u00e9s de su experiencia en l\u00ednea, incluidos dispositivos, navegadores y aplicaciones. Estos datos incluyen datos de uso, informaci\u00f3n sobre cookies, informaci\u00f3n sobre dispositivos, informaci\u00f3n sobre interacciones entre usuarios y anuncios y sitios web, datos de geolocalizaci\u00f3n, datos de tr\u00e1fico e informaci\u00f3n sobre la fuente de referencia de un visitante a un sitio web concreto. Mediavine Partners tambi\u00e9n puede crear identificadores \u00fanicos para crear segmentos de audiencia, que se utilizan para ofrecer publicidad dirigida.<\/p>\n<p>Si desea obtener m\u00e1s informaci\u00f3n sobre esta pr\u00e1ctica y conocer sus opciones para participar o no en esta recopilaci\u00f3n de datos, visite la p\u00e1gina de exclusi\u00f3n de la <a href=\"https:\/\/thenai.org\/opt-out\/\" target=\"_blank\" rel=\"noreferrer noopener nofollow\">National Advertising Initiative<\/a>. Tambi\u00e9n puede visitar el sitio web de <a href=\"http:\/\/optout.aboutads.info\/#\/\" target=\"_blank\" rel=\"noreferrer noopener nofollow\">Digital Advertising Alliance <\/a> y el sitio web de <a href=\"http:\/\/optout.networkadvertising.org\/#\" target=\"_blank\" rel=\"noreferrer noopener nofollow\">Network Advertising Initiative<\/a> para obtener m\u00e1s informaci\u00f3n sobre la publicidad basada en intereses. Puede descargar la aplicaci\u00f3n AppChoices en <a href=\"https:\/\/youradchoices.com\/appchoices\" target=\"_blank\" rel=\"noreferrer noopener nofollow\">Digital Advertising Alliance&#8217;s AppChoices app<\/a> para excluirse en relaci\u00f3n con las aplicaciones m\u00f3viles, o utilizar los controles de la plataforma en su dispositivo m\u00f3vil para excluirse.<\/p>\n<p>Para obtener informaci\u00f3n espec\u00edfica sobre Mediavine Partners, los datos que recopila cada uno y sus pol\u00edticas de recopilaci\u00f3n de datos y privacidad, visite <a href=\"https:\/\/www.mediavine.com\/ad-partners\/\" target=\"_blank\" rel=\"noreferrer noopener nofollow\">Mediavine Partners<\/a>.<\/p>\n<h3 id=\"publicidad-programatica-de-mediavine\">Publicidad program\u00e1tica de Mediavine<\/h3>\n<p>Para obtener informaci\u00f3n sobre la recopilaci\u00f3n de datos por parte de los socios publicitarios de Mediavine, incluido c\u00f3mo excluirse de la recopilaci\u00f3n de datos, haga <a href=\"https:\/\/www.mediavine.com\/ad-partners\/\" rel=\"nofollow noopener\" target=\"_blank\">clic aqu\u00ed<\/a>.<\/p>\n<p><a href=\"https:\/\/www.ohlaliving.com\">https:\/\/www.ohlaliving.com<\/a><\/p>\n<p><strong>\u00daltima edici\u00f3n el 13\/02\/2024<\/strong><\/p>\n","protected":false},"excerpt":{"rendered":"<p>Esta pol\u00edtica de privacidad se aplica a este sitio web https:\/\/www.ohlaliving.com&nbsp;y servido por Ohla Living Lifestyle, Travel &amp; Personal Blog, que rige la privacidad de los usuarios que deciden utilizarlo.&hellip;<\/p>\n","protected":false},"author":1,"featured_media":0,"parent":0,"menu_order":0,"comment_status":"closed","ping_status":"closed","template":"","meta":{"disable-jtr":false,"footnotes":""},"class_list":["post-49039","page","type-page","status-publish"],"_links":{"self":[{"href":"https:\/\/www.ohlaliving.com\/es\/wp-json\/wp\/v2\/pages\/49039","targetHints":{"allow":["GET"]}}],"collection":[{"href":"https:\/\/www.ohlaliving.com\/es\/wp-json\/wp\/v2\/pages"}],"about":[{"href":"https:\/\/www.ohlaliving.com\/es\/wp-json\/wp\/v2\/types\/page"}],"author":[{"embeddable":true,"href":"https:\/\/www.ohlaliving.com\/es\/wp-json\/wp\/v2\/users\/1"}],"replies":[{"embeddable":true,"href":"https:\/\/www.ohlaliving.com\/es\/wp-json\/wp\/v2\/comments?post=49039"}],"version-history":[{"count":0,"href":"https:\/\/www.ohlaliving.com\/es\/wp-json\/wp\/v2\/pages\/49039\/revisions"}],"wp:attachment":[{"href":"https:\/\/www.ohlaliving.com\/es\/wp-json\/wp\/v2\/media?parent=49039"}],"curies":[{"name":"wp","href":"https:\/\/api.w.org\/{rel}","templated":true}]}}