{"id":49038,"date":"2013-10-20T15:05:50","date_gmt":"2013-10-20T13:05:50","guid":{"rendered":"https:\/\/www.ohlaliving.com\/descargo-de-responsabilidad"},"modified":"2013-10-20T15:05:50","modified_gmt":"2013-10-20T13:05:50","slug":"descargo-de-responsabilidad","status":"publish","type":"page","link":"https:\/\/www.ohlaliving.com\/es\/descargo-de-responsabilidad","title":{"rendered":"descargo de responsabilidad"},"content":{"rendered":"<p>Adem\u00e1s, mis pensamientos y opiniones cambian de vez en cuando&#8230; Lo considero una consecuencia necesaria de tener una mente abierta. Este blog pretende ser una instant\u00e1nea semipermanente en el tiempo y la manifestaci\u00f3n de los diversos memes que circulan por mi cerebro, y como tal, los pensamientos y opiniones expresados en posts desfasados pueden no ser los mismos, ni siquiera similares, a los que pueda tener hoy.<\/p>\n<h2 id=\"privacidad\">Privacidad<\/h2>\n<p>Me &nbsp;<strong>NO comparto informaci\u00f3n personal<\/strong>, como los correos electr\u00f3nicos de los suscriptores, con terceros ni almaceno la informaci\u00f3n recopilada sobre su visita para otro uso que no sea analizar el rendimiento de los contenidos mediante el uso de cookies, que puede desactivar en cualquier momento modificando la configuraci\u00f3n de su navegador de Internet. No me hago responsable de la republicaci\u00f3n del contenido de este blog en otros sitios web o medios de comunicaci\u00f3n sin autorizaci\u00f3n. Por favor, lea m\u00e1s sobre mi <a href=\"https:\/\/www.ohlaliving.com\/privacy-policy\/\">Pol\u00edtica de Privacidad<\/a>.<\/p>\n<h2 id=\"resenas-de-productos-y-servicios\">Rese\u00f1as de productos y servicios<\/h2>\n<p>A menos que se indique lo contrario, los productos y servicios rese\u00f1ados han sido adquiridos por m\u00ed y no han sido patrocinados en modo alguno por ninguna otra parte, incluidos el fabricante o el minorista del producto. Productos y servicios que ofrezco en \u00ab<strong>Ohla Living<\/strong> &nbsp; se basan en mi opini\u00f3n y experiencia personales.<\/p>\n<p>Es posible que ofrezca un puesto de revisi\u00f3n pagada, sin embargo, esto se indicar\u00e1 claramente en el t\u00edtulo del art\u00edculo. &nbsp;Mi blog es un blog personal sobre mis experiencias y mi vida cotidiana. TODAS las opiniones son m\u00edas y no est\u00e1n influenciadas por las empresas con las que trabajo.<\/p>\n<h2 id=\"enlaces-afiliados\">Enlaces afiliados<\/h2>\n<p>Algunos enlaces en Ohla Living son enlaces afiliados. Lo que significa que podr\u00eda ganar una comisi\u00f3n por las compras que usted&nbsp; despu\u00e9s de hacer clic en ellos. Los productos y servicios que presento est\u00e1n relacionados con mi estilo de vida o con algo que yo mismo podr\u00eda comprar.<\/p>\n<h2 id=\"comentarios-del-blog\">Comentarios del blog<\/h2>\n<p>Me reservo el derecho de editar o eliminar cualquier comentario enviado a este blog sin previo aviso debido a;<\/p>\n<p>1. Comentarios considerados spam o spam cuestionable<br \/>\n2. Comentarios que incluyan blasfemias<br \/>\n3. Comentarios que contengan lenguaje o conceptos que puedan considerarse ofensivos<br \/>\n4. Comentarios que atacan a una persona individualmente<\/p>\n<h2 id=\"condiciones-generales\">Condiciones generales<\/h2>\n<p>Todo el contenido de este blog es meramente informativo. No me hago responsable de la exactitud o exhaustividad de la informaci\u00f3n contenida en este sitio o de la que pueda encontrarse siguiendo cualquier enlace de este sitio. &nbsp;No me responsabilizo de los errores u omisiones de esta informaci\u00f3n ni de su disponibilidad. &nbsp;No ser\u00e9 responsable de p\u00e9rdidas, lesiones o da\u00f1os derivados de la exhibici\u00f3n o el uso de esta informaci\u00f3n.<\/p>\n<h2 id=\"imagenes\">Im\u00e1genes<\/h2>\n<p>TODAS las im\u00e1genes pertenecen a <a title=\"Continental Fairy\" href=\"https:\/\/www.ohlaliving.com\/\">Ohla Living<\/a>, a menos que se indique lo contrario. Todas las im\u00e1genes procedentes de otras fuentes ser\u00e1n debidamente acreditadas al final de cada entrada o p\u00e1gina del blog.<\/p>\n<p>Esta pol\u00edtica est\u00e1 sujeta a cambios en cualquier momento.<\/p>\n<p><strong>Fecha de revisi\u00f3n: 1 de marzo de 2020<\/strong><\/p>\n<p>&nbsp;<\/p>\n","protected":false},"excerpt":{"rendered":"<p>Adem\u00e1s, mis pensamientos y opiniones cambian de vez en cuando&#8230; Lo considero una consecuencia necesaria de tener una mente abierta. Este blog pretende ser una instant\u00e1nea semipermanente en el tiempo&hellip;<\/p>\n","protected":false},"author":1,"featured_media":0,"parent":0,"menu_order":0,"comment_status":"closed","ping_status":"closed","template":"","meta":{"disable-jtr":false,"footnotes":""},"class_list":["post-49038","page","type-page","status-publish"],"_links":{"self":[{"href":"https:\/\/www.ohlaliving.com\/es\/wp-json\/wp\/v2\/pages\/49038","targetHints":{"allow":["GET"]}}],"collection":[{"href":"https:\/\/www.ohlaliving.com\/es\/wp-json\/wp\/v2\/pages"}],"about":[{"href":"https:\/\/www.ohlaliving.com\/es\/wp-json\/wp\/v2\/types\/page"}],"author":[{"embeddable":true,"href":"https:\/\/www.ohlaliving.com\/es\/wp-json\/wp\/v2\/users\/1"}],"replies":[{"embeddable":true,"href":"https:\/\/www.ohlaliving.com\/es\/wp-json\/wp\/v2\/comments?post=49038"}],"version-history":[{"count":0,"href":"https:\/\/www.ohlaliving.com\/es\/wp-json\/wp\/v2\/pages\/49038\/revisions"}],"wp:attachment":[{"href":"https:\/\/www.ohlaliving.com\/es\/wp-json\/wp\/v2\/media?parent=49038"}],"curies":[{"name":"wp","href":"https:\/\/api.w.org\/{rel}","templated":true}]}}